{"id":5426,"date":"2025-11-17T16:42:00","date_gmt":"2025-11-17T15:42:00","guid":{"rendered":"https:\/\/training.goesresearchgroup.com\/?post_type=product&#038;p=5426"},"modified":"2025-11-17T16:51:09","modified_gmt":"2025-11-17T15:51:09","slug":"premium","status":"publish","type":"product","link":"https:\/\/training.goesresearchgroup.com\/es\/curso\/premium\/","title":{"rendered":"Premium."},"content":{"rendered":"<p><em>TOD early CRC. What you need to know<\/em> es nuestro principal programa de la plataforma. <span lang=\"ES-TRAD\">Este curso de formaci\u00f3n virtual de alta especializaci\u00f3n proporciona conocimientos te\u00f3ricos y m\u00faltiples consejos y trucos para implementar el diagn\u00f3stico \u00f3ptico del c\u00e1ncer colorrectal precoz en la pr\u00e1ctica cl\u00ednica.<\/span><\/p>\n<p><em>TOD early CRC. Practical knowledge<\/em> complementa el <em>TOD early CRC. What you need to know<\/em> participando en reuniones online en grupos reducidos con un endoscopista tutor del curso para aclarar dudas y resaltar puntos clave (Sharing knowledge I and II), y en sesiones individuales para discutir los hallazgos de lesiones colorrectales encontrados en la pr\u00e1ctica cl\u00ednica del participante (Training in Clinical Practice).<\/p>\n<p>La evidencia cient\u00edfica del diagn\u00f3stico \u00f3ptico con zoom o magnificaci\u00f3n en centros de referencia japoneses ha demostrado una alta efectividad para predecir la histolog\u00eda y, por lo tanto, seleccionar la indicaci\u00f3n para tratamientos endosc\u00f3picos avanzados (como disecci\u00f3n endosc\u00f3pica submucosa, resecci\u00f3n mucosa endosc\u00f3pica en fragmentos) y cirug\u00eda.<\/p>\n<p>La formaci\u00f3n tiene como objetivo mejorar el diagn\u00f3stico \u00f3ptico del c\u00e1ncer colorrectal precoz y estimar la histolog\u00eda en las lesiones encontradas durante una colonoscopia para que, bas\u00e1ndose en el informe de la colonoscopia, el endoscopista y un comit\u00e9 multidisciplinar puedan tomar la decisi\u00f3n de tratamiento teniendo en cuenta otros factores locales y relacionados con el paciente.<\/p>\n<p>El contenido te\u00f3rico y pr\u00e1ctico de estos cursos est\u00e1 alineado con las recomendaciones de las gu\u00edas internacionales (ESGE, ASGE y JGES). Esto podr\u00eda ayudar a homogeneizar y centralizar procedimientos avanzados para ofrecer el mejor y m\u00e1s adecuado tratamiento a nuestros pacientes.<\/p>\n","protected":false},"excerpt":{"rendered":"<p>Incluye los cursos <strong>What you need to know<\/strong> y <strong>Practical knowledge<\/strong><\/p>\n","protected":false},"featured_media":2668,"template":"","meta":{"_acf_changed":false,"_uag_custom_page_level_css":"","site-sidebar-layout":"default","site-content-layout":"","ast-site-content-layout":"default","site-content-style":"default","site-sidebar-style":"default","ast-global-header-display":"","ast-banner-title-visibility":"","ast-main-header-display":"","ast-hfb-above-header-display":"","ast-hfb-below-header-display":"","ast-hfb-mobile-header-display":"","site-post-title":"","ast-breadcrumbs-content":"","ast-featured-img":"","footer-sml-layout":"","theme-transparent-header-meta":"default","adv-header-id-meta":"","stick-header-meta":"","header-above-stick-meta":"","header-main-stick-meta":"","header-below-stick-meta":"","astra-migrate-meta-layouts":"set","ast-page-background-enabled":"default","ast-page-background-meta":{"desktop":{"background-color":"var(--ast-global-color-4)","background-image":"","background-repeat":"repeat","background-position":"center center","background-size":"auto","background-attachment":"scroll","background-type":"","background-media":"","overlay-type":"","overlay-color":"","overlay-opacity":"","overlay-gradient":""},"tablet":{"background-color":"","background-image":"","background-repeat":"repeat","background-position":"center center","background-size":"auto","background-attachment":"scroll","background-type":"","background-media":"","overlay-type":"","overlay-color":"","overlay-opacity":"","overlay-gradient":""},"mobile":{"background-color":"","background-image":"","background-repeat":"repeat","background-position":"center center","background-size":"auto","background-attachment":"scroll","background-type":"","background-media":"","overlay-type":"","overlay-color":"","overlay-opacity":"","overlay-gradient":""}},"ast-content-background-meta":{"desktop":{"background-color":"var(--ast-global-color-5)","background-image":"","background-repeat":"repeat","background-position":"center center","background-size":"auto","background-attachment":"scroll","background-type":"","background-media":"","overlay-type":"","overlay-color":"","overlay-opacity":"","overlay-gradient":""},"tablet":{"background-color":"var(--ast-global-color-5)","background-image":"","background-repeat":"repeat","background-position":"center center","background-size":"auto","background-attachment":"scroll","background-type":"","background-media":"","overlay-type":"","overlay-color":"","overlay-opacity":"","overlay-gradient":""},"mobile":{"background-color":"var(--ast-global-color-5)","background-image":"","background-repeat":"repeat","background-position":"center center","background-size":"auto","background-attachment":"scroll","background-type":"","background-media":"","overlay-type":"","overlay-color":"","overlay-opacity":"","overlay-gradient":""}}},"product_brand":[],"product_cat":[29],"product_tag":[],"class_list":{"0":"post-5426","1":"product","2":"type-product","3":"status-publish","4":"has-post-thumbnail","6":"product_cat-aprendizaje-de-diagnostico-optico","7":"desktop-align-left","8":"tablet-align-left","9":"mobile-align-left","11":"first","12":"instock","13":"sale","14":"virtual","15":"sold-individually","16":"purchasable","17":"product-type-simple"},"acf":[],"yoast_head":"<!-- This site is optimized with the Yoast SEO plugin v26.1.1 - https:\/\/yoast.com\/wordpress\/plugins\/seo\/ -->\n<title>Premium. - The Training in optical diagnosis of early CRC platform<\/title>\n<meta name=\"robots\" content=\"index, follow, max-snippet:-1, max-image-preview:large, max-video-preview:-1\" \/>\n<link rel=\"canonical\" href=\"https:\/\/training.goesresearchgroup.com\/es\/curso\/premium\/\" \/>\n<meta property=\"og:locale\" content=\"es_ES\" \/>\n<meta property=\"og:type\" content=\"article\" \/>\n<meta property=\"og:title\" content=\"Premium. - The Training in optical diagnosis of early CRC platform\" \/>\n<meta property=\"og:description\" content=\"Incluye los cursos What you need to know y Practical knowledge\" \/>\n<meta property=\"og:url\" content=\"https:\/\/training.goesresearchgroup.com\/es\/curso\/premium\/\" \/>\n<meta property=\"og:site_name\" content=\"The Training in optical diagnosis of early CRC platform\" \/>\n<meta property=\"article:modified_time\" content=\"2025-11-17T15:51:09+00:00\" \/>\n<meta property=\"og:image\" content=\"http:\/\/training.goesresearchgroup.com\/wp-content\/uploads\/sites\/8\/2024\/03\/althaia75-1.jpg\" \/>\n\t<meta property=\"og:image:width\" content=\"2231\" \/>\n\t<meta property=\"og:image:height\" content=\"1722\" \/>\n\t<meta property=\"og:image:type\" content=\"image\/jpeg\" \/>\n<meta name=\"twitter:card\" content=\"summary_large_image\" \/>\n<meta name=\"twitter:site\" content=\"@goesgroup\" \/>\n<meta name=\"twitter:label1\" content=\"Tiempo de lectura\" \/>\n\t<meta name=\"twitter:data1\" content=\"1 minuto\" \/>\n<script type=\"application\/ld+json\" class=\"yoast-schema-graph\">{\"@context\":\"https:\/\/schema.org\",\"@graph\":[{\"@type\":\"WebPage\",\"@id\":\"https:\/\/training.goesresearchgroup.com\/es\/curso\/premium\/\",\"url\":\"https:\/\/training.goesresearchgroup.com\/es\/curso\/premium\/\",\"name\":\"Premium. - The Training in optical diagnosis of early CRC platform\",\"isPartOf\":{\"@id\":\"https:\/\/training.goesresearchgroup.com\/es\/#website\"},\"primaryImageOfPage\":{\"@id\":\"https:\/\/training.goesresearchgroup.com\/es\/curso\/premium\/#primaryimage\"},\"image\":{\"@id\":\"https:\/\/training.goesresearchgroup.com\/es\/curso\/premium\/#primaryimage\"},\"thumbnailUrl\":\"https:\/\/training.goesresearchgroup.com\/wp-content\/uploads\/sites\/8\/2024\/03\/althaia75-1.jpg\",\"datePublished\":\"2025-11-17T15:42:00+00:00\",\"dateModified\":\"2025-11-17T15:51:09+00:00\",\"breadcrumb\":{\"@id\":\"https:\/\/training.goesresearchgroup.com\/es\/curso\/premium\/#breadcrumb\"},\"inLanguage\":\"es\",\"potentialAction\":[{\"@type\":\"ReadAction\",\"target\":[\"https:\/\/training.goesresearchgroup.com\/es\/curso\/premium\/\"]}]},{\"@type\":\"ImageObject\",\"inLanguage\":\"es\",\"@id\":\"https:\/\/training.goesresearchgroup.com\/es\/curso\/premium\/#primaryimage\",\"url\":\"https:\/\/training.goesresearchgroup.com\/wp-content\/uploads\/sites\/8\/2024\/03\/althaia75-1.jpg\",\"contentUrl\":\"https:\/\/training.goesresearchgroup.com\/wp-content\/uploads\/sites\/8\/2024\/03\/althaia75-1.jpg\",\"width\":2231,\"height\":1722,\"caption\":\"Premium\"},{\"@type\":\"BreadcrumbList\",\"@id\":\"https:\/\/training.goesresearchgroup.com\/es\/curso\/premium\/#breadcrumb\",\"itemListElement\":[{\"@type\":\"ListItem\",\"position\":1,\"name\":\"Inicio\",\"item\":\"https:\/\/training.goesresearchgroup.com\/es\/\"},{\"@type\":\"ListItem\",\"position\":2,\"name\":\"Cursos\",\"item\":\"https:\/\/training.goesresearchgroup.com\/es\/shop\/\"},{\"@type\":\"ListItem\",\"position\":3,\"name\":\"Premium.\"}]},{\"@type\":\"WebSite\",\"@id\":\"https:\/\/training.goesresearchgroup.com\/es\/#website\",\"url\":\"https:\/\/training.goesresearchgroup.com\/es\/\",\"name\":\"The Training in optical diagnosis of early CRC platform\",\"description\":\"El primer curso de formaci\u00f3n virtual de alta especializaci\u00f3n en endoscopia digestiva\",\"publisher\":{\"@id\":\"https:\/\/training.goesresearchgroup.com\/es\/#organization\"},\"potentialAction\":[{\"@type\":\"SearchAction\",\"target\":{\"@type\":\"EntryPoint\",\"urlTemplate\":\"https:\/\/training.goesresearchgroup.com\/es\/?s={search_term_string}\"},\"query-input\":{\"@type\":\"PropertyValueSpecification\",\"valueRequired\":true,\"valueName\":\"search_term_string\"}}],\"inLanguage\":\"es\"},{\"@type\":\"Organization\",\"@id\":\"https:\/\/training.goesresearchgroup.com\/es\/#organization\",\"name\":\"Althaia\",\"url\":\"https:\/\/training.goesresearchgroup.com\/es\/\",\"logo\":{\"@type\":\"ImageObject\",\"inLanguage\":\"es\",\"@id\":\"https:\/\/training.goesresearchgroup.com\/es\/#\/schema\/logo\/image\/\",\"url\":\"https:\/\/training.goesresearchgroup.com\/wp-content\/uploads\/sites\/8\/2022\/07\/althaia-logo-seo.jpg\",\"contentUrl\":\"https:\/\/training.goesresearchgroup.com\/wp-content\/uploads\/sites\/8\/2022\/07\/althaia-logo-seo.jpg\",\"width\":527,\"height\":350,\"caption\":\"Althaia\"},\"image\":{\"@id\":\"https:\/\/training.goesresearchgroup.com\/es\/#\/schema\/logo\/image\/\"},\"sameAs\":[\"https:\/\/x.com\/goesgroup\"]}]}<\/script>\n<!-- \/ Yoast SEO plugin. -->","yoast_head_json":{"title":"Premium. - The Training in optical diagnosis of early CRC platform","robots":{"index":"index","follow":"follow","max-snippet":"max-snippet:-1","max-image-preview":"max-image-preview:large","max-video-preview":"max-video-preview:-1"},"canonical":"https:\/\/training.goesresearchgroup.com\/es\/curso\/premium\/","og_locale":"es_ES","og_type":"article","og_title":"Premium. - The Training in optical diagnosis of early CRC platform","og_description":"Incluye los cursos What you need to know y Practical knowledge","og_url":"https:\/\/training.goesresearchgroup.com\/es\/curso\/premium\/","og_site_name":"The Training in optical diagnosis of early CRC platform","article_modified_time":"2025-11-17T15:51:09+00:00","og_image":[{"width":2231,"height":1722,"url":"http:\/\/training.goesresearchgroup.com\/wp-content\/uploads\/sites\/8\/2024\/03\/althaia75-1.jpg","type":"image\/jpeg"}],"twitter_card":"summary_large_image","twitter_site":"@goesgroup","twitter_misc":{"Tiempo de lectura":"1 minuto"},"schema":{"@context":"https:\/\/schema.org","@graph":[{"@type":"WebPage","@id":"https:\/\/training.goesresearchgroup.com\/es\/curso\/premium\/","url":"https:\/\/training.goesresearchgroup.com\/es\/curso\/premium\/","name":"Premium. - The Training in optical diagnosis of early CRC platform","isPartOf":{"@id":"https:\/\/training.goesresearchgroup.com\/es\/#website"},"primaryImageOfPage":{"@id":"https:\/\/training.goesresearchgroup.com\/es\/curso\/premium\/#primaryimage"},"image":{"@id":"https:\/\/training.goesresearchgroup.com\/es\/curso\/premium\/#primaryimage"},"thumbnailUrl":"https:\/\/training.goesresearchgroup.com\/wp-content\/uploads\/sites\/8\/2024\/03\/althaia75-1.jpg","datePublished":"2025-11-17T15:42:00+00:00","dateModified":"2025-11-17T15:51:09+00:00","breadcrumb":{"@id":"https:\/\/training.goesresearchgroup.com\/es\/curso\/premium\/#breadcrumb"},"inLanguage":"es","potentialAction":[{"@type":"ReadAction","target":["https:\/\/training.goesresearchgroup.com\/es\/curso\/premium\/"]}]},{"@type":"ImageObject","inLanguage":"es","@id":"https:\/\/training.goesresearchgroup.com\/es\/curso\/premium\/#primaryimage","url":"https:\/\/training.goesresearchgroup.com\/wp-content\/uploads\/sites\/8\/2024\/03\/althaia75-1.jpg","contentUrl":"https:\/\/training.goesresearchgroup.com\/wp-content\/uploads\/sites\/8\/2024\/03\/althaia75-1.jpg","width":2231,"height":1722,"caption":"Premium"},{"@type":"BreadcrumbList","@id":"https:\/\/training.goesresearchgroup.com\/es\/curso\/premium\/#breadcrumb","itemListElement":[{"@type":"ListItem","position":1,"name":"Inicio","item":"https:\/\/training.goesresearchgroup.com\/es\/"},{"@type":"ListItem","position":2,"name":"Cursos","item":"https:\/\/training.goesresearchgroup.com\/es\/shop\/"},{"@type":"ListItem","position":3,"name":"Premium."}]},{"@type":"WebSite","@id":"https:\/\/training.goesresearchgroup.com\/es\/#website","url":"https:\/\/training.goesresearchgroup.com\/es\/","name":"The Training in optical diagnosis of early CRC platform","description":"El primer curso de formaci\u00f3n virtual de alta especializaci\u00f3n en endoscopia digestiva","publisher":{"@id":"https:\/\/training.goesresearchgroup.com\/es\/#organization"},"potentialAction":[{"@type":"SearchAction","target":{"@type":"EntryPoint","urlTemplate":"https:\/\/training.goesresearchgroup.com\/es\/?s={search_term_string}"},"query-input":{"@type":"PropertyValueSpecification","valueRequired":true,"valueName":"search_term_string"}}],"inLanguage":"es"},{"@type":"Organization","@id":"https:\/\/training.goesresearchgroup.com\/es\/#organization","name":"Althaia","url":"https:\/\/training.goesresearchgroup.com\/es\/","logo":{"@type":"ImageObject","inLanguage":"es","@id":"https:\/\/training.goesresearchgroup.com\/es\/#\/schema\/logo\/image\/","url":"https:\/\/training.goesresearchgroup.com\/wp-content\/uploads\/sites\/8\/2022\/07\/althaia-logo-seo.jpg","contentUrl":"https:\/\/training.goesresearchgroup.com\/wp-content\/uploads\/sites\/8\/2022\/07\/althaia-logo-seo.jpg","width":527,"height":350,"caption":"Althaia"},"image":{"@id":"https:\/\/training.goesresearchgroup.com\/es\/#\/schema\/logo\/image\/"},"sameAs":["https:\/\/x.com\/goesgroup"]}]}},"uagb_featured_image_src":{"full":["https:\/\/training.goesresearchgroup.com\/wp-content\/uploads\/sites\/8\/2024\/03\/althaia75-1.jpg",2231,1722,false],"thumbnail":["https:\/\/training.goesresearchgroup.com\/wp-content\/uploads\/sites\/8\/2024\/03\/althaia75-1-150x150.jpg",150,150,true],"medium":["https:\/\/training.goesresearchgroup.com\/wp-content\/uploads\/sites\/8\/2024\/03\/althaia75-1-300x232.jpg",300,232,true],"medium_large":["https:\/\/training.goesresearchgroup.com\/wp-content\/uploads\/sites\/8\/2024\/03\/althaia75-1-768x593.jpg",768,593,true],"large":["https:\/\/training.goesresearchgroup.com\/wp-content\/uploads\/sites\/8\/2024\/03\/althaia75-1-1024x790.jpg",1024,790,true],"1536x1536":["https:\/\/training.goesresearchgroup.com\/wp-content\/uploads\/sites\/8\/2024\/03\/althaia75-1-1536x1186.jpg",1536,1186,true],"2048x2048":["https:\/\/training.goesresearchgroup.com\/wp-content\/uploads\/sites\/8\/2024\/03\/althaia75-1-2048x1581.jpg",2048,1581,true],"featured":["https:\/\/training.goesresearchgroup.com\/wp-content\/uploads\/sites\/8\/2024\/03\/althaia75-1-1360x260.jpg",1360,260,true],"woocommerce_thumbnail":["https:\/\/training.goesresearchgroup.com\/wp-content\/uploads\/sites\/8\/2024\/03\/althaia75-1-300x300.jpg",300,300,true],"woocommerce_single":["https:\/\/training.goesresearchgroup.com\/wp-content\/uploads\/sites\/8\/2024\/03\/althaia75-1-600x463.jpg",600,463,true],"woocommerce_gallery_thumbnail":["https:\/\/training.goesresearchgroup.com\/wp-content\/uploads\/sites\/8\/2024\/03\/althaia75-1-100x100.jpg",100,100,true]},"uagb_author_info":{"display_name":"admin_tresipunt","author_link":"https:\/\/training.goesresearchgroup.com\/es\/author\/"},"uagb_comment_info":0,"uagb_excerpt":"Incluye los cursos What you need to know y Practical knowledge","_links":{"self":[{"href":"https:\/\/training.goesresearchgroup.com\/es\/wp-json\/wp\/v2\/product\/5426","targetHints":{"allow":["GET"]}}],"collection":[{"href":"https:\/\/training.goesresearchgroup.com\/es\/wp-json\/wp\/v2\/product"}],"about":[{"href":"https:\/\/training.goesresearchgroup.com\/es\/wp-json\/wp\/v2\/types\/product"}],"wp:featuredmedia":[{"embeddable":true,"href":"https:\/\/training.goesresearchgroup.com\/es\/wp-json\/wp\/v2\/media\/2668"}],"wp:attachment":[{"href":"https:\/\/training.goesresearchgroup.com\/es\/wp-json\/wp\/v2\/media?parent=5426"}],"wp:term":[{"taxonomy":"product_brand","embeddable":true,"href":"https:\/\/training.goesresearchgroup.com\/es\/wp-json\/wp\/v2\/product_brand?post=5426"},{"taxonomy":"product_cat","embeddable":true,"href":"https:\/\/training.goesresearchgroup.com\/es\/wp-json\/wp\/v2\/product_cat?post=5426"},{"taxonomy":"product_tag","embeddable":true,"href":"https:\/\/training.goesresearchgroup.com\/es\/wp-json\/wp\/v2\/product_tag?post=5426"}],"curies":[{"name":"wp","href":"https:\/\/api.w.org\/{rel}","templated":true}]}}