{"id":242,"date":"2022-07-19T10:42:27","date_gmt":"2022-07-19T10:42:27","guid":{"rendered":"https:\/\/training.goesresearchgroup.com\/product\/training-in-optical-diagnosis-of-early-colorectal-cancer\/"},"modified":"2025-11-17T16:49:55","modified_gmt":"2025-11-17T15:49:55","slug":"lodipstudy","status":"publish","type":"product","link":"https:\/\/training.goesresearchgroup.com\/es\/curso\/lodipstudy\/","title":{"rendered":"LODIP study (solo para participantes del ensayo cl\u00ednico)."},"content":{"rendered":"<p><span lang=\"ES-TRAD\">Este curso de formaci\u00f3n virtual altamente especializado proporciona conocimientos te\u00f3ricos y m\u00faltiples consejos y trucos para implementar el diagn\u00f3stico \u00f3ptico del c\u00e1ncer colorrectal precoz en la pr\u00e1ctica cl\u00ednica.<\/span><\/p>\n<p>La evidencia cient\u00edfica del diagn\u00f3stico \u00f3ptico con zoom o magnificaci\u00f3n en centros de referencia japoneses ha demostrado una alta efectividad para predecir la histolog\u00eda y, por lo tanto, seleccionar la indicaci\u00f3n para tratamientos endosc\u00f3picos avanzados (como disecci\u00f3n endosc\u00f3pica submucosa, resecci\u00f3n mucosa endosc\u00f3pica en fragmentos) y cirug\u00eda.<\/p>\n<p>El objetivo de la formaci\u00f3n es mejorar el diagn\u00f3stico \u00f3ptico del c\u00e1ncer colorrectal precoz y estimar la histolog\u00eda en las lesiones encontradas durante una colonoscopia para que, bas\u00e1ndose en el informe de la colonoscopia, el endoscopista y un comit\u00e9 multidisciplinar puedan tomar la decisi\u00f3n de tratamiento teniendo en cuenta otros factores locales y relacionados con el paciente.<\/p>\n<p>El contenido te\u00f3rico y pr\u00e1ctico de este curso est\u00e1 alineado con las recomendaciones de las gu\u00edas internacionales (ESGE, ASGE y JGES). Esto podr\u00eda ayudar a homogeneizar y centralizar procedimientos avanzados para ofrecer el mejor y m\u00e1s adecuado tratamiento a nuestros pacientes.<\/p>\n","protected":false},"excerpt":{"rendered":"<p>Mejora tus habilidades en endoscopia avanzada y ofrece el mejor tratamiento a tus pacientes.<\/p>\n<p>TOD early CRC es el primer curso de formaci\u00f3n virtual de alta especializaci\u00f3n en endoscopia digestiva centrado en el reconocimiento endosc\u00f3pico del patr\u00f3n invasivo en los p\u00f3lipos colorrectales.<\/p>\n<p>&nbsp;<\/p>\n","protected":false},"featured_media":65,"template":"","meta":{"_acf_changed":false,"_uag_custom_page_level_css":"","site-sidebar-layout":"default","site-content-layout":"default","ast-site-content-layout":"default","site-content-style":"default","site-sidebar-style":"default","ast-global-header-display":"","ast-banner-title-visibility":"","ast-main-header-display":"","ast-hfb-above-header-display":"","ast-hfb-below-header-display":"","ast-hfb-mobile-header-display":"","site-post-title":"","ast-breadcrumbs-content":"","ast-featured-img":"","footer-sml-layout":"","theme-transparent-header-meta":"default","adv-header-id-meta":"","stick-header-meta":"","header-above-stick-meta":"","header-main-stick-meta":"","header-below-stick-meta":"","astra-migrate-meta-layouts":"set","ast-page-background-enabled":"default","ast-page-background-meta":{"desktop":{"background-color":"var(--ast-global-color-4)","background-image":"","background-repeat":"repeat","background-position":"center center","background-size":"auto","background-attachment":"scroll","background-type":"","background-media":"","overlay-type":"","overlay-color":"","overlay-opacity":"","overlay-gradient":""},"tablet":{"background-color":"","background-image":"","background-repeat":"repeat","background-position":"center center","background-size":"auto","background-attachment":"scroll","background-type":"","background-media":"","overlay-type":"","overlay-color":"","overlay-opacity":"","overlay-gradient":""},"mobile":{"background-color":"","background-image":"","background-repeat":"repeat","background-position":"center center","background-size":"auto","background-attachment":"scroll","background-type":"","background-media":"","overlay-type":"","overlay-color":"","overlay-opacity":"","overlay-gradient":""}},"ast-content-background-meta":{"desktop":{"background-color":"var(--ast-global-color-5)","background-image":"","background-repeat":"repeat","background-position":"center center","background-size":"auto","background-attachment":"scroll","background-type":"","background-media":"","overlay-type":"","overlay-color":"","overlay-opacity":"","overlay-gradient":""},"tablet":{"background-color":"var(--ast-global-color-5)","background-image":"","background-repeat":"repeat","background-position":"center center","background-size":"auto","background-attachment":"scroll","background-type":"","background-media":"","overlay-type":"","overlay-color":"","overlay-opacity":"","overlay-gradient":""},"mobile":{"background-color":"var(--ast-global-color-5)","background-image":"","background-repeat":"repeat","background-position":"center center","background-size":"auto","background-attachment":"scroll","background-type":"","background-media":"","overlay-type":"","overlay-color":"","overlay-opacity":"","overlay-gradient":""}}},"product_brand":[],"product_cat":[29],"product_tag":[],"class_list":{"0":"post-242","1":"product","2":"type-product","3":"status-publish","4":"has-post-thumbnail","6":"product_cat-aprendizaje-de-diagnostico-optico","7":"desktop-align-left","8":"tablet-align-left","9":"mobile-align-left","11":"first","12":"instock","13":"virtual","14":"sold-individually","15":"purchasable","16":"product-type-simple"},"acf":[],"yoast_head":"<!-- This site is optimized with the Yoast SEO plugin v27.3 - https:\/\/yoast.com\/product\/yoast-seo-wordpress\/ -->\n<title>LODIP study (solo para participantes del ensayo cl\u00ednico). - The Training in optical diagnosis of early CRC platform<\/title>\n<meta name=\"description\" content=\"La formaci\u00f3n en diagn\u00f3stico \u00f3ptico de c\u00e1ncer colorrectal precoz es el primer curso de formaci\u00f3n virtual de alta especializaci\u00f3n en endoscopia digestiva, centrado en el reconocimiento endosc\u00f3pico del patr\u00f3n invasivo en los p\u00f3lipos colorrectales.\" \/>\n<meta name=\"robots\" content=\"index, follow, max-snippet:-1, max-image-preview:large, max-video-preview:-1\" \/>\n<link rel=\"canonical\" href=\"https:\/\/training.goesresearchgroup.com\/es\/curso\/lodipstudy\/\" \/>\n<meta property=\"og:locale\" content=\"es_ES\" \/>\n<meta property=\"og:type\" content=\"article\" \/>\n<meta property=\"og:title\" content=\"LODIP study (solo para participantes del ensayo cl\u00ednico). - The Training in optical diagnosis of early CRC platform\" \/>\n<meta property=\"og:description\" content=\"La formaci\u00f3n en diagn\u00f3stico \u00f3ptico de c\u00e1ncer colorrectal precoz es el primer curso de formaci\u00f3n virtual de alta especializaci\u00f3n en endoscopia digestiva, centrado en el reconocimiento endosc\u00f3pico del patr\u00f3n invasivo en los p\u00f3lipos colorrectales.\" \/>\n<meta property=\"og:url\" content=\"https:\/\/training.goesresearchgroup.com\/es\/curso\/lodipstudy\/\" \/>\n<meta property=\"og:site_name\" content=\"The Training in optical diagnosis of early CRC platform\" \/>\n<meta property=\"article:modified_time\" content=\"2025-11-17T15:49:55+00:00\" \/>\n<meta property=\"og:image\" content=\"http:\/\/training.goesresearchgroup.com\/wp-content\/uploads\/sites\/8\/2022\/07\/course_optical_diagnosis_early_crc_fetured_image.png\" \/>\n\t<meta property=\"og:image:width\" content=\"584\" \/>\n\t<meta property=\"og:image:height\" content=\"690\" \/>\n\t<meta property=\"og:image:type\" content=\"image\/png\" \/>\n<meta name=\"twitter:card\" content=\"summary_large_image\" \/>\n<meta name=\"twitter:site\" content=\"@goesgroup\" \/>\n<meta name=\"twitter:label1\" content=\"Tiempo de lectura\" \/>\n\t<meta name=\"twitter:data1\" content=\"1 minuto\" \/>\n<script type=\"application\/ld+json\" class=\"yoast-schema-graph\">{\"@context\":\"https:\\\/\\\/schema.org\",\"@graph\":[{\"@type\":\"WebPage\",\"@id\":\"https:\\\/\\\/training.goesresearchgroup.com\\\/es\\\/curso\\\/lodipstudy\\\/\",\"url\":\"https:\\\/\\\/training.goesresearchgroup.com\\\/es\\\/curso\\\/lodipstudy\\\/\",\"name\":\"LODIP study (solo para participantes del ensayo cl\u00ednico). - The Training in optical diagnosis of early CRC platform\",\"isPartOf\":{\"@id\":\"https:\\\/\\\/training.goesresearchgroup.com\\\/es\\\/#website\"},\"primaryImageOfPage\":{\"@id\":\"https:\\\/\\\/training.goesresearchgroup.com\\\/es\\\/curso\\\/lodipstudy\\\/#primaryimage\"},\"image\":{\"@id\":\"https:\\\/\\\/training.goesresearchgroup.com\\\/es\\\/curso\\\/lodipstudy\\\/#primaryimage\"},\"thumbnailUrl\":\"https:\\\/\\\/training.goesresearchgroup.com\\\/wp-content\\\/uploads\\\/sites\\\/8\\\/2022\\\/07\\\/course_optical_diagnosis_early_crc_fetured_image.png\",\"datePublished\":\"2022-07-19T10:42:27+00:00\",\"dateModified\":\"2025-11-17T15:49:55+00:00\",\"description\":\"La formaci\u00f3n en diagn\u00f3stico \u00f3ptico de c\u00e1ncer colorrectal precoz es el primer curso de formaci\u00f3n virtual de alta especializaci\u00f3n en endoscopia digestiva, centrado en el reconocimiento endosc\u00f3pico del patr\u00f3n invasivo en los p\u00f3lipos colorrectales.\",\"breadcrumb\":{\"@id\":\"https:\\\/\\\/training.goesresearchgroup.com\\\/es\\\/curso\\\/lodipstudy\\\/#breadcrumb\"},\"inLanguage\":\"es\",\"potentialAction\":[{\"@type\":\"ReadAction\",\"target\":[\"https:\\\/\\\/training.goesresearchgroup.com\\\/es\\\/curso\\\/lodipstudy\\\/\"]}]},{\"@type\":\"ImageObject\",\"inLanguage\":\"es\",\"@id\":\"https:\\\/\\\/training.goesresearchgroup.com\\\/es\\\/curso\\\/lodipstudy\\\/#primaryimage\",\"url\":\"https:\\\/\\\/training.goesresearchgroup.com\\\/wp-content\\\/uploads\\\/sites\\\/8\\\/2022\\\/07\\\/course_optical_diagnosis_early_crc_fetured_image.png\",\"contentUrl\":\"https:\\\/\\\/training.goesresearchgroup.com\\\/wp-content\\\/uploads\\\/sites\\\/8\\\/2022\\\/07\\\/course_optical_diagnosis_early_crc_fetured_image.png\",\"width\":584,\"height\":690},{\"@type\":\"BreadcrumbList\",\"@id\":\"https:\\\/\\\/training.goesresearchgroup.com\\\/es\\\/curso\\\/lodipstudy\\\/#breadcrumb\",\"itemListElement\":[{\"@type\":\"ListItem\",\"position\":1,\"name\":\"Inicio\",\"item\":\"https:\\\/\\\/training.goesresearchgroup.com\\\/es\\\/\"},{\"@type\":\"ListItem\",\"position\":2,\"name\":\"Cursos\",\"item\":\"https:\\\/\\\/training.goesresearchgroup.com\\\/es\\\/shop\\\/\"},{\"@type\":\"ListItem\",\"position\":3,\"name\":\"LODIP study (solo para participantes del ensayo cl\u00ednico).\"}]},{\"@type\":\"WebSite\",\"@id\":\"https:\\\/\\\/training.goesresearchgroup.com\\\/es\\\/#website\",\"url\":\"https:\\\/\\\/training.goesresearchgroup.com\\\/es\\\/\",\"name\":\"The Training in optical diagnosis of early CRC platform\",\"description\":\"El primer curso de formaci\u00f3n virtual de alta especializaci\u00f3n en endoscopia digestiva\",\"publisher\":{\"@id\":\"https:\\\/\\\/training.goesresearchgroup.com\\\/es\\\/#organization\"},\"potentialAction\":[{\"@type\":\"SearchAction\",\"target\":{\"@type\":\"EntryPoint\",\"urlTemplate\":\"https:\\\/\\\/training.goesresearchgroup.com\\\/es\\\/?s={search_term_string}\"},\"query-input\":{\"@type\":\"PropertyValueSpecification\",\"valueRequired\":true,\"valueName\":\"search_term_string\"}}],\"inLanguage\":\"es\"},{\"@type\":\"Organization\",\"@id\":\"https:\\\/\\\/training.goesresearchgroup.com\\\/es\\\/#organization\",\"name\":\"Althaia\",\"url\":\"https:\\\/\\\/training.goesresearchgroup.com\\\/es\\\/\",\"logo\":{\"@type\":\"ImageObject\",\"inLanguage\":\"es\",\"@id\":\"https:\\\/\\\/training.goesresearchgroup.com\\\/es\\\/#\\\/schema\\\/logo\\\/image\\\/\",\"url\":\"https:\\\/\\\/training.goesresearchgroup.com\\\/wp-content\\\/uploads\\\/sites\\\/8\\\/2022\\\/07\\\/althaia-logo-seo.jpg\",\"contentUrl\":\"https:\\\/\\\/training.goesresearchgroup.com\\\/wp-content\\\/uploads\\\/sites\\\/8\\\/2022\\\/07\\\/althaia-logo-seo.jpg\",\"width\":527,\"height\":350,\"caption\":\"Althaia\"},\"image\":{\"@id\":\"https:\\\/\\\/training.goesresearchgroup.com\\\/es\\\/#\\\/schema\\\/logo\\\/image\\\/\"},\"sameAs\":[\"https:\\\/\\\/x.com\\\/goesgroup\"]}]}<\/script>\n<!-- \/ Yoast SEO plugin. -->","yoast_head_json":{"title":"LODIP study (solo para participantes del ensayo cl\u00ednico). - The Training in optical diagnosis of early CRC platform","description":"La formaci\u00f3n en diagn\u00f3stico \u00f3ptico de c\u00e1ncer colorrectal precoz es el primer curso de formaci\u00f3n virtual de alta especializaci\u00f3n en endoscopia digestiva, centrado en el reconocimiento endosc\u00f3pico del patr\u00f3n invasivo en los p\u00f3lipos colorrectales.","robots":{"index":"index","follow":"follow","max-snippet":"max-snippet:-1","max-image-preview":"max-image-preview:large","max-video-preview":"max-video-preview:-1"},"canonical":"https:\/\/training.goesresearchgroup.com\/es\/curso\/lodipstudy\/","og_locale":"es_ES","og_type":"article","og_title":"LODIP study (solo para participantes del ensayo cl\u00ednico). - The Training in optical diagnosis of early CRC platform","og_description":"La formaci\u00f3n en diagn\u00f3stico \u00f3ptico de c\u00e1ncer colorrectal precoz es el primer curso de formaci\u00f3n virtual de alta especializaci\u00f3n en endoscopia digestiva, centrado en el reconocimiento endosc\u00f3pico del patr\u00f3n invasivo en los p\u00f3lipos colorrectales.","og_url":"https:\/\/training.goesresearchgroup.com\/es\/curso\/lodipstudy\/","og_site_name":"The Training in optical diagnosis of early CRC platform","article_modified_time":"2025-11-17T15:49:55+00:00","og_image":[{"width":584,"height":690,"url":"http:\/\/training.goesresearchgroup.com\/wp-content\/uploads\/sites\/8\/2022\/07\/course_optical_diagnosis_early_crc_fetured_image.png","type":"image\/png"}],"twitter_card":"summary_large_image","twitter_site":"@goesgroup","twitter_misc":{"Tiempo de lectura":"1 minuto"},"schema":{"@context":"https:\/\/schema.org","@graph":[{"@type":"WebPage","@id":"https:\/\/training.goesresearchgroup.com\/es\/curso\/lodipstudy\/","url":"https:\/\/training.goesresearchgroup.com\/es\/curso\/lodipstudy\/","name":"LODIP study (solo para participantes del ensayo cl\u00ednico). - The Training in optical diagnosis of early CRC platform","isPartOf":{"@id":"https:\/\/training.goesresearchgroup.com\/es\/#website"},"primaryImageOfPage":{"@id":"https:\/\/training.goesresearchgroup.com\/es\/curso\/lodipstudy\/#primaryimage"},"image":{"@id":"https:\/\/training.goesresearchgroup.com\/es\/curso\/lodipstudy\/#primaryimage"},"thumbnailUrl":"https:\/\/training.goesresearchgroup.com\/wp-content\/uploads\/sites\/8\/2022\/07\/course_optical_diagnosis_early_crc_fetured_image.png","datePublished":"2022-07-19T10:42:27+00:00","dateModified":"2025-11-17T15:49:55+00:00","description":"La formaci\u00f3n en diagn\u00f3stico \u00f3ptico de c\u00e1ncer colorrectal precoz es el primer curso de formaci\u00f3n virtual de alta especializaci\u00f3n en endoscopia digestiva, centrado en el reconocimiento endosc\u00f3pico del patr\u00f3n invasivo en los p\u00f3lipos colorrectales.","breadcrumb":{"@id":"https:\/\/training.goesresearchgroup.com\/es\/curso\/lodipstudy\/#breadcrumb"},"inLanguage":"es","potentialAction":[{"@type":"ReadAction","target":["https:\/\/training.goesresearchgroup.com\/es\/curso\/lodipstudy\/"]}]},{"@type":"ImageObject","inLanguage":"es","@id":"https:\/\/training.goesresearchgroup.com\/es\/curso\/lodipstudy\/#primaryimage","url":"https:\/\/training.goesresearchgroup.com\/wp-content\/uploads\/sites\/8\/2022\/07\/course_optical_diagnosis_early_crc_fetured_image.png","contentUrl":"https:\/\/training.goesresearchgroup.com\/wp-content\/uploads\/sites\/8\/2022\/07\/course_optical_diagnosis_early_crc_fetured_image.png","width":584,"height":690},{"@type":"BreadcrumbList","@id":"https:\/\/training.goesresearchgroup.com\/es\/curso\/lodipstudy\/#breadcrumb","itemListElement":[{"@type":"ListItem","position":1,"name":"Inicio","item":"https:\/\/training.goesresearchgroup.com\/es\/"},{"@type":"ListItem","position":2,"name":"Cursos","item":"https:\/\/training.goesresearchgroup.com\/es\/shop\/"},{"@type":"ListItem","position":3,"name":"LODIP study (solo para participantes del ensayo cl\u00ednico)."}]},{"@type":"WebSite","@id":"https:\/\/training.goesresearchgroup.com\/es\/#website","url":"https:\/\/training.goesresearchgroup.com\/es\/","name":"The Training in optical diagnosis of early CRC platform","description":"El primer curso de formaci\u00f3n virtual de alta especializaci\u00f3n en endoscopia digestiva","publisher":{"@id":"https:\/\/training.goesresearchgroup.com\/es\/#organization"},"potentialAction":[{"@type":"SearchAction","target":{"@type":"EntryPoint","urlTemplate":"https:\/\/training.goesresearchgroup.com\/es\/?s={search_term_string}"},"query-input":{"@type":"PropertyValueSpecification","valueRequired":true,"valueName":"search_term_string"}}],"inLanguage":"es"},{"@type":"Organization","@id":"https:\/\/training.goesresearchgroup.com\/es\/#organization","name":"Althaia","url":"https:\/\/training.goesresearchgroup.com\/es\/","logo":{"@type":"ImageObject","inLanguage":"es","@id":"https:\/\/training.goesresearchgroup.com\/es\/#\/schema\/logo\/image\/","url":"https:\/\/training.goesresearchgroup.com\/wp-content\/uploads\/sites\/8\/2022\/07\/althaia-logo-seo.jpg","contentUrl":"https:\/\/training.goesresearchgroup.com\/wp-content\/uploads\/sites\/8\/2022\/07\/althaia-logo-seo.jpg","width":527,"height":350,"caption":"Althaia"},"image":{"@id":"https:\/\/training.goesresearchgroup.com\/es\/#\/schema\/logo\/image\/"},"sameAs":["https:\/\/x.com\/goesgroup"]}]}},"uagb_featured_image_src":{"full":["https:\/\/training.goesresearchgroup.com\/wp-content\/uploads\/sites\/8\/2022\/07\/course_optical_diagnosis_early_crc_fetured_image.png",584,690,false],"thumbnail":["https:\/\/training.goesresearchgroup.com\/wp-content\/uploads\/sites\/8\/2022\/07\/course_optical_diagnosis_early_crc_fetured_image-150x150.png",150,150,true],"medium":["https:\/\/training.goesresearchgroup.com\/wp-content\/uploads\/sites\/8\/2022\/07\/course_optical_diagnosis_early_crc_fetured_image-254x300.png",254,300,true],"medium_large":["https:\/\/training.goesresearchgroup.com\/wp-content\/uploads\/sites\/8\/2022\/07\/course_optical_diagnosis_early_crc_fetured_image.png",584,690,false],"large":["https:\/\/training.goesresearchgroup.com\/wp-content\/uploads\/sites\/8\/2022\/07\/course_optical_diagnosis_early_crc_fetured_image.png",584,690,false],"1536x1536":["https:\/\/training.goesresearchgroup.com\/wp-content\/uploads\/sites\/8\/2022\/07\/course_optical_diagnosis_early_crc_fetured_image.png",584,690,false],"2048x2048":["https:\/\/training.goesresearchgroup.com\/wp-content\/uploads\/sites\/8\/2022\/07\/course_optical_diagnosis_early_crc_fetured_image.png",584,690,false],"featured":["https:\/\/training.goesresearchgroup.com\/wp-content\/uploads\/sites\/8\/2022\/07\/course_optical_diagnosis_early_crc_fetured_image.png",220,260,false],"woocommerce_thumbnail":["https:\/\/training.goesresearchgroup.com\/wp-content\/uploads\/sites\/8\/2022\/07\/course_optical_diagnosis_early_crc_fetured_image-450x450.png",300,300,true],"woocommerce_single":["https:\/\/training.goesresearchgroup.com\/wp-content\/uploads\/sites\/8\/2022\/07\/course_optical_diagnosis_early_crc_fetured_image.png",584,690,false],"woocommerce_gallery_thumbnail":["https:\/\/training.goesresearchgroup.com\/wp-content\/uploads\/sites\/8\/2022\/07\/course_optical_diagnosis_early_crc_fetured_image-100x100.png",100,100,true]},"uagb_author_info":{"display_name":"admin_tresipunt","author_link":"https:\/\/training.goesresearchgroup.com\/es\/author\/"},"uagb_comment_info":0,"uagb_excerpt":"Mejora tus habilidades en endoscopia avanzada y ofrece el mejor tratamiento a tus pacientes. TOD early CRC es el primer curso de formaci\u00f3n virtual de alta especializaci\u00f3n en endoscopia digestiva centrado en el reconocimiento endosc\u00f3pico del patr\u00f3n invasivo en los p\u00f3lipos colorrectales. &nbsp;","_links":{"self":[{"href":"https:\/\/training.goesresearchgroup.com\/es\/wp-json\/wp\/v2\/product\/242","targetHints":{"allow":["GET"]}}],"collection":[{"href":"https:\/\/training.goesresearchgroup.com\/es\/wp-json\/wp\/v2\/product"}],"about":[{"href":"https:\/\/training.goesresearchgroup.com\/es\/wp-json\/wp\/v2\/types\/product"}],"wp:featuredmedia":[{"embeddable":true,"href":"https:\/\/training.goesresearchgroup.com\/es\/wp-json\/wp\/v2\/media\/65"}],"wp:attachment":[{"href":"https:\/\/training.goesresearchgroup.com\/es\/wp-json\/wp\/v2\/media?parent=242"}],"wp:term":[{"taxonomy":"product_brand","embeddable":true,"href":"https:\/\/training.goesresearchgroup.com\/es\/wp-json\/wp\/v2\/product_brand?post=242"},{"taxonomy":"product_cat","embeddable":true,"href":"https:\/\/training.goesresearchgroup.com\/es\/wp-json\/wp\/v2\/product_cat?post=242"},{"taxonomy":"product_tag","embeddable":true,"href":"https:\/\/training.goesresearchgroup.com\/es\/wp-json\/wp\/v2\/product_tag?post=242"}],"curies":[{"name":"wp","href":"https:\/\/api.w.org\/{rel}","templated":true}]}}