{"id":2860,"date":"2024-03-04T11:45:20","date_gmt":"2024-03-04T11:45:20","guid":{"rendered":"https:\/\/training.goesresearchgroup.com\/?page_id=2860"},"modified":"2025-05-20T11:13:21","modified_gmt":"2025-05-20T09:13:21","slug":"que-es-tod-early-crc","status":"publish","type":"page","link":"https:\/\/training.goesresearchgroup.com\/es\/que-es-tod-early-crc\/","title":{"rendered":"\u00bfQu\u00e9 es TOD early CRC?"},"content":{"rendered":"\n<div class=\"inherit-container-width wp-block-group alignfull has-ast-global-color-5-background-color has-background is-layout-constrained wp-block-group-is-layout-constrained\" style=\"padding-top:0px\"><div class=\"wp-block-group__inner-container\">\n<div class=\"wp-block-columns are-vertically-aligned-center is-layout-flex wp-container-core-columns-is-layout-28f84493 wp-block-columns-is-layout-flex\">\n<div class=\"wp-block-column is-vertically-aligned-center is-layout-flow wp-block-column-is-layout-flow\" style=\"flex-basis:66.66%\">\n<h1 class=\"wp-block-heading\">\u00bfQu\u00e9 es TOD early CRC?<\/h1>\n\n\n\n<p class=\"has-ast-global-color-0-color has-text-color has-link-color wp-elements-b236607a333b2d2be2c4e2fc2f451738\" style=\"font-size:24px;line-height:1.4\"><em>Training in optical diagnosis of early colorectal cancer&nbsp;<\/em>(TOD early CRC) es la primera plataforma de formaci\u00f3n virtual de alta especializaci\u00f3n en endoscopia digestiva centrada en el reconocimiento endosc\u00f3pico del patr\u00f3n invasivo en los p\u00f3lipos colorrectales.<\/p>\n\n\n\n<p class=\"has-ast-global-color-0-color has-text-color has-link-color wp-elements-2525600cae282ac4370b92dd5d435415\" style=\"font-size:24px;line-height:1.4\">TOD early CRC ha sido creada por el&nbsp;<a href=\"https:\/\/goesresearchgroup.com\/es\/\" target=\"_blank\" rel=\"noreferrer noopener\">GOES research group<\/a>&nbsp;de&nbsp;<a href=\"https:\/\/www.althaia.cat\/althaia\/ca\" target=\"_blank\" rel=\"noreferrer noopener\">Althaia<\/a>, con la colaboraci\u00f3n de endoscopistas l\u00edderes internacionales.<\/p>\n<\/div>\n\n\n\n<div class=\"wp-block-column is-vertically-aligned-center is-layout-flow wp-block-column-is-layout-flow\" style=\"flex-basis:33.33%\">\n<figure class=\"wp-block-image size-full\"><img loading=\"lazy\" decoding=\"async\" width=\"584\" height=\"690\" src=\"http:\/\/training.goesresearchgroup.com\/wp-content\/uploads\/sites\/8\/2022\/07\/course_optical_diagnosis_early_crc_fetured_image.png\" alt=\"\" class=\"wp-image-63\" srcset=\"https:\/\/training.goesresearchgroup.com\/wp-content\/uploads\/sites\/8\/2022\/07\/course_optical_diagnosis_early_crc_fetured_image.png 584w, https:\/\/training.goesresearchgroup.com\/wp-content\/uploads\/sites\/8\/2022\/07\/course_optical_diagnosis_early_crc_fetured_image-254x300.png 254w\" sizes=\"auto, (max-width: 584px) 100vw, 584px\" \/><\/figure>\n<\/div>\n<\/div>\n<\/div><\/div>\n\n\n\n<div class=\"inherit-container-width wp-block-group alignfull is-layout-constrained wp-block-group-is-layout-constrained\" style=\"padding-top:100px;padding-bottom:50px\"><div class=\"wp-block-group__inner-container\">\n<div class=\"wp-block-columns are-vertically-aligned-center is-layout-flex wp-container-core-columns-is-layout-28f84493 wp-block-columns-is-layout-flex\">\n<div class=\"wp-block-column is-vertically-aligned-center is-layout-flow wp-block-column-is-layout-flow\">\n<h3 class=\"wp-block-heading\">Evidencia cient\u00edfica en centros de referencia<\/h3>\n\n\n\n<p>La evidencia cient\u00edfica del diagn\u00f3stico \u00f3ptico con zoom o magnificaci\u00f3n ha demostrado una alta efectividad para predecir la histolog\u00eda y, por lo tanto, seleccionar la indicaci\u00f3n para tratamientos endosc\u00f3picos avanzados (como disecci\u00f3n endosc\u00f3pica submucosa, resecci\u00f3n mucosa endosc\u00f3pica en fragmentos) y cirug\u00eda, especialmente en centros de referencia japoneses.<\/p>\n<\/div>\n\n\n\n<div class=\"wp-block-column is-vertically-aligned-center is-layout-flow wp-block-column-is-layout-flow\">\n<figure class=\"wp-block-image size-full has-custom-border\"><img loading=\"lazy\" decoding=\"async\" width=\"2560\" height=\"1707\" src=\"http:\/\/training.goesresearchgroup.com\/wp-content\/uploads\/sites\/8\/2024\/03\/DSC_0883_r-scaled.jpg\" alt=\"\" class=\"wp-image-2886\" style=\"border-radius:16px;aspect-ratio:16\/9;object-fit:cover\" srcset=\"https:\/\/training.goesresearchgroup.com\/wp-content\/uploads\/sites\/8\/2024\/03\/DSC_0883_r-scaled.jpg 2560w, https:\/\/training.goesresearchgroup.com\/wp-content\/uploads\/sites\/8\/2024\/03\/DSC_0883_r-300x200.jpg 300w, https:\/\/training.goesresearchgroup.com\/wp-content\/uploads\/sites\/8\/2024\/03\/DSC_0883_r-1024x683.jpg 1024w, https:\/\/training.goesresearchgroup.com\/wp-content\/uploads\/sites\/8\/2024\/03\/DSC_0883_r-768x512.jpg 768w, https:\/\/training.goesresearchgroup.com\/wp-content\/uploads\/sites\/8\/2024\/03\/DSC_0883_r-1536x1024.jpg 1536w, https:\/\/training.goesresearchgroup.com\/wp-content\/uploads\/sites\/8\/2024\/03\/DSC_0883_r-2048x1365.jpg 2048w, https:\/\/training.goesresearchgroup.com\/wp-content\/uploads\/sites\/8\/2024\/03\/DSC_0883_r-50x33.jpg 50w, https:\/\/training.goesresearchgroup.com\/wp-content\/uploads\/sites\/8\/2024\/03\/DSC_0883_r-1600x1067.jpg 1600w, https:\/\/training.goesresearchgroup.com\/wp-content\/uploads\/sites\/8\/2024\/03\/DSC_0883_r-600x400.jpg 600w\" sizes=\"auto, (max-width: 2560px) 100vw, 2560px\" \/><\/figure>\n<\/div>\n<\/div>\n<\/div><\/div>\n\n\n\n<div class=\"inherit-container-width wp-block-group alignfull is-layout-constrained wp-block-group-is-layout-constrained\" style=\"padding-top:50px;padding-bottom:50px\"><div class=\"wp-block-group__inner-container\">\n<div class=\"wp-block-columns are-vertically-aligned-center is-layout-flex wp-container-core-columns-is-layout-28f84493 wp-block-columns-is-layout-flex\">\n<div class=\"wp-block-column is-vertically-aligned-center is-layout-flow wp-block-column-is-layout-flow\">\n<figure class=\"wp-block-image size-full has-custom-border\"><img loading=\"lazy\" decoding=\"async\" width=\"2560\" height=\"1440\" src=\"https:\/\/training.goesresearchgroup.com\/wp-content\/uploads\/sites\/8\/2024\/03\/9A44693E-97A7-4538-B9FA-0D25D411D67E-edited-1-scaled.jpg\" alt=\"\" class=\"wp-image-3129\" style=\"border-radius:16px\" srcset=\"https:\/\/training.goesresearchgroup.com\/wp-content\/uploads\/sites\/8\/2024\/03\/9A44693E-97A7-4538-B9FA-0D25D411D67E-edited-1-scaled.jpg 2560w, https:\/\/training.goesresearchgroup.com\/wp-content\/uploads\/sites\/8\/2024\/03\/9A44693E-97A7-4538-B9FA-0D25D411D67E-edited-1-300x169.jpg 300w, https:\/\/training.goesresearchgroup.com\/wp-content\/uploads\/sites\/8\/2024\/03\/9A44693E-97A7-4538-B9FA-0D25D411D67E-edited-1-1024x576.jpg 1024w, https:\/\/training.goesresearchgroup.com\/wp-content\/uploads\/sites\/8\/2024\/03\/9A44693E-97A7-4538-B9FA-0D25D411D67E-edited-1-768x432.jpg 768w, https:\/\/training.goesresearchgroup.com\/wp-content\/uploads\/sites\/8\/2024\/03\/9A44693E-97A7-4538-B9FA-0D25D411D67E-edited-1-1536x864.jpg 1536w, https:\/\/training.goesresearchgroup.com\/wp-content\/uploads\/sites\/8\/2024\/03\/9A44693E-97A7-4538-B9FA-0D25D411D67E-edited-1-2048x1152.jpg 2048w, https:\/\/training.goesresearchgroup.com\/wp-content\/uploads\/sites\/8\/2024\/03\/9A44693E-97A7-4538-B9FA-0D25D411D67E-edited-1-50x28.jpg 50w, https:\/\/training.goesresearchgroup.com\/wp-content\/uploads\/sites\/8\/2024\/03\/9A44693E-97A7-4538-B9FA-0D25D411D67E-edited-1-1600x900.jpg 1600w, https:\/\/training.goesresearchgroup.com\/wp-content\/uploads\/sites\/8\/2024\/03\/9A44693E-97A7-4538-B9FA-0D25D411D67E-edited-1-600x338.jpg 600w\" sizes=\"auto, (max-width: 2560px) 100vw, 2560px\" \/><\/figure>\n<\/div>\n\n\n\n<div class=\"wp-block-column is-vertically-aligned-center is-layout-flow wp-block-column-is-layout-flow\">\n<h3 class=\"wp-block-heading\">Nuestro principal objetivo<\/h3>\n\n\n\n<p>TOD early CRC tiene como principal objetivo mejorar el diagn\u00f3stico \u00f3ptico del c\u00e1ncer colorrectal precoz y estimar la histolog\u00eda en las lesiones encontradas durante una colonoscopia para que, bas\u00e1ndose en el informe de la colonoscopia, el endoscopista y un comit\u00e9 multidisciplinar puedan tomar la decisi\u00f3n de tratamiento teniendo en cuenta otros factores locales y relacionados con el paciente.<\/p>\n<\/div>\n<\/div>\n<\/div><\/div>\n\n\n\n<div class=\"inherit-container-width wp-block-group alignfull is-layout-constrained wp-block-group-is-layout-constrained\" style=\"padding-top:50px;padding-bottom:100px\"><div class=\"wp-block-group__inner-container\">\n<div class=\"wp-block-columns are-vertically-aligned-center is-layout-flex wp-container-core-columns-is-layout-28f84493 wp-block-columns-is-layout-flex\">\n<div class=\"wp-block-column is-vertically-aligned-center is-layout-flow wp-block-column-is-layout-flow\">\n<h3 class=\"wp-block-heading\">Gu\u00edas y avales<\/h3>\n\n\n\n<p>El contenido te\u00f3rico y pr\u00e1ctico de la plataforma est\u00e1 alineado con las recomendaciones de las gu\u00edas internacionales (ESGE, ASGE y JGES). Esto podr\u00eda ayudar a homogeneizar y centralizar procedimientos avanzados para ofrecer el mejor y m\u00e1s adecuado tratamiento a nuestros pacientes.<\/p>\n\n\n\n<p>Nuestros cursos est\u00e1n avalados por la American Gastroenterological Association (AGA), la Asociaci\u00f3n Espa\u00f1ola de Gastroenterolog\u00eda (AEG), la World Endoscopy Organization (WEO), la Organizaci\u00f3n Panamericana de Gastroenterolog\u00eda (OPGE) y la Sociedad Interamericana de Endoscopia Digestiva (SIED).<\/p>\n<\/div>\n\n\n\n<div class=\"wp-block-column is-vertically-aligned-center is-layout-flow wp-block-column-is-layout-flow\">\n<figure class=\"wp-block-image size-full has-custom-border\"><img loading=\"lazy\" decoding=\"async\" width=\"1600\" height=\"900\" src=\"http:\/\/training.goesresearchgroup.com\/wp-content\/uploads\/sites\/8\/2025\/05\/GUIDELINES-AND-ENDORSEMENT-8.jpg\" alt=\"\" class=\"wp-image-4806\" style=\"border-radius:16px\" srcset=\"https:\/\/training.goesresearchgroup.com\/wp-content\/uploads\/sites\/8\/2025\/05\/GUIDELINES-AND-ENDORSEMENT-8.jpg 1600w, https:\/\/training.goesresearchgroup.com\/wp-content\/uploads\/sites\/8\/2025\/05\/GUIDELINES-AND-ENDORSEMENT-8-300x169.jpg 300w, https:\/\/training.goesresearchgroup.com\/wp-content\/uploads\/sites\/8\/2025\/05\/GUIDELINES-AND-ENDORSEMENT-8-1024x576.jpg 1024w, https:\/\/training.goesresearchgroup.com\/wp-content\/uploads\/sites\/8\/2025\/05\/GUIDELINES-AND-ENDORSEMENT-8-768x432.jpg 768w, https:\/\/training.goesresearchgroup.com\/wp-content\/uploads\/sites\/8\/2025\/05\/GUIDELINES-AND-ENDORSEMENT-8-1536x864.jpg 1536w, https:\/\/training.goesresearchgroup.com\/wp-content\/uploads\/sites\/8\/2025\/05\/GUIDELINES-AND-ENDORSEMENT-8-600x338.jpg 600w\" sizes=\"auto, (max-width: 1600px) 100vw, 1600px\" \/><\/figure>\n<\/div>\n<\/div>\n<\/div><\/div>\n","protected":false},"excerpt":{"rendered":"<p>\u00bfQu\u00e9 es TOD early CRC? Training in optical diagnosis of early colorectal cancer&nbsp;(TOD early CRC) es&hellip;<\/p>\n","protected":false},"author":1,"featured_media":0,"parent":0,"menu_order":0,"comment_status":"closed","ping_status":"closed","template":"","meta":{"_acf_changed":false,"_uag_custom_page_level_css":"","site-sidebar-layout":"default","site-content-layout":"","ast-site-content-layout":"default","site-content-style":"default","site-sidebar-style":"default","ast-global-header-display":"","ast-banner-title-visibility":"","ast-main-header-display":"","ast-hfb-above-header-display":"","ast-hfb-below-header-display":"","ast-hfb-mobile-header-display":"","site-post-title":"disabled","ast-breadcrumbs-content":"","ast-featured-img":"","footer-sml-layout":"","theme-transparent-header-meta":"","adv-header-id-meta":"","stick-header-meta":"","header-above-stick-meta":"","header-main-stick-meta":"","header-below-stick-meta":"","astra-migrate-meta-layouts":"set","ast-page-background-enabled":"default","ast-page-background-meta":{"desktop":{"background-color":"var(--ast-global-color-4)","background-image":"","background-repeat":"repeat","background-position":"center center","background-size":"auto","background-attachment":"scroll","background-type":"","background-media":"","overlay-type":"","overlay-color":"","overlay-opacity":"","overlay-gradient":""},"tablet":{"background-color":"","background-image":"","background-repeat":"repeat","background-position":"center center","background-size":"auto","background-attachment":"scroll","background-type":"","background-media":"","overlay-type":"","overlay-color":"","overlay-opacity":"","overlay-gradient":""},"mobile":{"background-color":"","background-image":"","background-repeat":"repeat","background-position":"center center","background-size":"auto","background-attachment":"scroll","background-type":"","background-media":"","overlay-type":"","overlay-color":"","overlay-opacity":"","overlay-gradient":""}},"ast-content-background-meta":{"desktop":{"background-color":"var(--ast-global-color-5)","background-image":"","background-repeat":"repeat","background-position":"center center","background-size":"auto","background-attachment":"scroll","background-type":"","background-media":"","overlay-type":"","overlay-color":"","overlay-opacity":"","overlay-gradient":""},"tablet":{"background-color":"var(--ast-global-color-5)","background-image":"","background-repeat":"repeat","background-position":"center center","background-size":"auto","background-attachment":"scroll","background-type":"","background-media":"","overlay-type":"","overlay-color":"","overlay-opacity":"","overlay-gradient":""},"mobile":{"background-color":"var(--ast-global-color-5)","background-image":"","background-repeat":"repeat","background-position":"center center","background-size":"auto","background-attachment":"scroll","background-type":"","background-media":"","overlay-type":"","overlay-color":"","overlay-opacity":"","overlay-gradient":""}},"footnotes":""},"class_list":["post-2860","page","type-page","status-publish","hentry"],"acf":[],"yoast_head":"<!-- This site is optimized with the Yoast SEO plugin v26.1.1 - https:\/\/yoast.com\/wordpress\/plugins\/seo\/ -->\n<title>\u00bfQu\u00e9 es TOD early CRC? - The Training in optical diagnosis of early CRC platform<\/title>\n<meta name=\"robots\" content=\"index, follow, max-snippet:-1, max-image-preview:large, max-video-preview:-1\" \/>\n<link rel=\"canonical\" href=\"https:\/\/training.goesresearchgroup.com\/es\/que-es-tod-early-crc\/\" \/>\n<meta property=\"og:locale\" content=\"es_ES\" \/>\n<meta property=\"og:type\" content=\"article\" \/>\n<meta property=\"og:title\" content=\"\u00bfQu\u00e9 es TOD early CRC? - The Training in optical diagnosis of early CRC platform\" \/>\n<meta property=\"og:description\" content=\"\u00bfQu\u00e9 es TOD early CRC? Training in optical diagnosis of early colorectal cancer&nbsp;(TOD early CRC) es&hellip;\" \/>\n<meta property=\"og:url\" content=\"https:\/\/training.goesresearchgroup.com\/es\/que-es-tod-early-crc\/\" \/>\n<meta property=\"og:site_name\" content=\"The Training in optical diagnosis of early CRC platform\" \/>\n<meta property=\"article:modified_time\" content=\"2025-05-20T09:13:21+00:00\" \/>\n<meta property=\"og:image\" content=\"https:\/\/training.goesresearchgroup.com\/wp-content\/uploads\/sites\/8\/2022\/07\/course_optical_diagnosis_early_crc_fetured_image.png\" \/>\n\t<meta property=\"og:image:width\" content=\"584\" \/>\n\t<meta property=\"og:image:height\" content=\"690\" \/>\n\t<meta property=\"og:image:type\" content=\"image\/png\" \/>\n<meta name=\"twitter:card\" content=\"summary_large_image\" \/>\n<meta name=\"twitter:site\" content=\"@goesgroup\" \/>\n<meta name=\"twitter:label1\" content=\"Tiempo de lectura\" \/>\n\t<meta name=\"twitter:data1\" content=\"1 minuto\" \/>\n<script type=\"application\/ld+json\" class=\"yoast-schema-graph\">{\"@context\":\"https:\/\/schema.org\",\"@graph\":[{\"@type\":\"WebPage\",\"@id\":\"https:\/\/training.goesresearchgroup.com\/es\/que-es-tod-early-crc\/\",\"url\":\"https:\/\/training.goesresearchgroup.com\/es\/que-es-tod-early-crc\/\",\"name\":\"\u00bfQu\u00e9 es TOD early CRC? - The Training in optical diagnosis of early CRC platform\",\"isPartOf\":{\"@id\":\"https:\/\/training.goesresearchgroup.com\/es\/#website\"},\"primaryImageOfPage\":{\"@id\":\"https:\/\/training.goesresearchgroup.com\/es\/que-es-tod-early-crc\/#primaryimage\"},\"image\":{\"@id\":\"https:\/\/training.goesresearchgroup.com\/es\/que-es-tod-early-crc\/#primaryimage\"},\"thumbnailUrl\":\"http:\/\/training.goesresearchgroup.com\/wp-content\/uploads\/sites\/8\/2022\/07\/course_optical_diagnosis_early_crc_fetured_image.png\",\"datePublished\":\"2024-03-04T11:45:20+00:00\",\"dateModified\":\"2025-05-20T09:13:21+00:00\",\"breadcrumb\":{\"@id\":\"https:\/\/training.goesresearchgroup.com\/es\/que-es-tod-early-crc\/#breadcrumb\"},\"inLanguage\":\"es\",\"potentialAction\":[{\"@type\":\"ReadAction\",\"target\":[\"https:\/\/training.goesresearchgroup.com\/es\/que-es-tod-early-crc\/\"]}]},{\"@type\":\"ImageObject\",\"inLanguage\":\"es\",\"@id\":\"https:\/\/training.goesresearchgroup.com\/es\/que-es-tod-early-crc\/#primaryimage\",\"url\":\"http:\/\/training.goesresearchgroup.com\/wp-content\/uploads\/sites\/8\/2022\/07\/course_optical_diagnosis_early_crc_fetured_image.png\",\"contentUrl\":\"http:\/\/training.goesresearchgroup.com\/wp-content\/uploads\/sites\/8\/2022\/07\/course_optical_diagnosis_early_crc_fetured_image.png\"},{\"@type\":\"BreadcrumbList\",\"@id\":\"https:\/\/training.goesresearchgroup.com\/es\/que-es-tod-early-crc\/#breadcrumb\",\"itemListElement\":[{\"@type\":\"ListItem\",\"position\":1,\"name\":\"Inicio\",\"item\":\"https:\/\/training.goesresearchgroup.com\/es\/\"},{\"@type\":\"ListItem\",\"position\":2,\"name\":\"\u00bfQu\u00e9 es TOD early CRC?\"}]},{\"@type\":\"WebSite\",\"@id\":\"https:\/\/training.goesresearchgroup.com\/es\/#website\",\"url\":\"https:\/\/training.goesresearchgroup.com\/es\/\",\"name\":\"The Training in optical diagnosis of early CRC platform\",\"description\":\"El primer curso de formaci\u00f3n virtual de alta especializaci\u00f3n en endoscopia digestiva\",\"publisher\":{\"@id\":\"https:\/\/training.goesresearchgroup.com\/es\/#organization\"},\"potentialAction\":[{\"@type\":\"SearchAction\",\"target\":{\"@type\":\"EntryPoint\",\"urlTemplate\":\"https:\/\/training.goesresearchgroup.com\/es\/?s={search_term_string}\"},\"query-input\":{\"@type\":\"PropertyValueSpecification\",\"valueRequired\":true,\"valueName\":\"search_term_string\"}}],\"inLanguage\":\"es\"},{\"@type\":\"Organization\",\"@id\":\"https:\/\/training.goesresearchgroup.com\/es\/#organization\",\"name\":\"Althaia\",\"url\":\"https:\/\/training.goesresearchgroup.com\/es\/\",\"logo\":{\"@type\":\"ImageObject\",\"inLanguage\":\"es\",\"@id\":\"https:\/\/training.goesresearchgroup.com\/es\/#\/schema\/logo\/image\/\",\"url\":\"https:\/\/training.goesresearchgroup.com\/wp-content\/uploads\/sites\/8\/2022\/07\/althaia-logo-seo.jpg\",\"contentUrl\":\"https:\/\/training.goesresearchgroup.com\/wp-content\/uploads\/sites\/8\/2022\/07\/althaia-logo-seo.jpg\",\"width\":527,\"height\":350,\"caption\":\"Althaia\"},\"image\":{\"@id\":\"https:\/\/training.goesresearchgroup.com\/es\/#\/schema\/logo\/image\/\"},\"sameAs\":[\"https:\/\/x.com\/goesgroup\"]}]}<\/script>\n<!-- \/ Yoast SEO plugin. -->","yoast_head_json":{"title":"\u00bfQu\u00e9 es TOD early CRC? - The Training in optical diagnosis of early CRC platform","robots":{"index":"index","follow":"follow","max-snippet":"max-snippet:-1","max-image-preview":"max-image-preview:large","max-video-preview":"max-video-preview:-1"},"canonical":"https:\/\/training.goesresearchgroup.com\/es\/que-es-tod-early-crc\/","og_locale":"es_ES","og_type":"article","og_title":"\u00bfQu\u00e9 es TOD early CRC? - The Training in optical diagnosis of early CRC platform","og_description":"\u00bfQu\u00e9 es TOD early CRC? Training in optical diagnosis of early colorectal cancer&nbsp;(TOD early CRC) es&hellip;","og_url":"https:\/\/training.goesresearchgroup.com\/es\/que-es-tod-early-crc\/","og_site_name":"The Training in optical diagnosis of early CRC platform","article_modified_time":"2025-05-20T09:13:21+00:00","og_image":[{"width":584,"height":690,"url":"https:\/\/training.goesresearchgroup.com\/wp-content\/uploads\/sites\/8\/2022\/07\/course_optical_diagnosis_early_crc_fetured_image.png","type":"image\/png"}],"twitter_card":"summary_large_image","twitter_site":"@goesgroup","twitter_misc":{"Tiempo de lectura":"1 minuto"},"schema":{"@context":"https:\/\/schema.org","@graph":[{"@type":"WebPage","@id":"https:\/\/training.goesresearchgroup.com\/es\/que-es-tod-early-crc\/","url":"https:\/\/training.goesresearchgroup.com\/es\/que-es-tod-early-crc\/","name":"\u00bfQu\u00e9 es TOD early CRC? - The Training in optical diagnosis of early CRC platform","isPartOf":{"@id":"https:\/\/training.goesresearchgroup.com\/es\/#website"},"primaryImageOfPage":{"@id":"https:\/\/training.goesresearchgroup.com\/es\/que-es-tod-early-crc\/#primaryimage"},"image":{"@id":"https:\/\/training.goesresearchgroup.com\/es\/que-es-tod-early-crc\/#primaryimage"},"thumbnailUrl":"http:\/\/training.goesresearchgroup.com\/wp-content\/uploads\/sites\/8\/2022\/07\/course_optical_diagnosis_early_crc_fetured_image.png","datePublished":"2024-03-04T11:45:20+00:00","dateModified":"2025-05-20T09:13:21+00:00","breadcrumb":{"@id":"https:\/\/training.goesresearchgroup.com\/es\/que-es-tod-early-crc\/#breadcrumb"},"inLanguage":"es","potentialAction":[{"@type":"ReadAction","target":["https:\/\/training.goesresearchgroup.com\/es\/que-es-tod-early-crc\/"]}]},{"@type":"ImageObject","inLanguage":"es","@id":"https:\/\/training.goesresearchgroup.com\/es\/que-es-tod-early-crc\/#primaryimage","url":"http:\/\/training.goesresearchgroup.com\/wp-content\/uploads\/sites\/8\/2022\/07\/course_optical_diagnosis_early_crc_fetured_image.png","contentUrl":"http:\/\/training.goesresearchgroup.com\/wp-content\/uploads\/sites\/8\/2022\/07\/course_optical_diagnosis_early_crc_fetured_image.png"},{"@type":"BreadcrumbList","@id":"https:\/\/training.goesresearchgroup.com\/es\/que-es-tod-early-crc\/#breadcrumb","itemListElement":[{"@type":"ListItem","position":1,"name":"Inicio","item":"https:\/\/training.goesresearchgroup.com\/es\/"},{"@type":"ListItem","position":2,"name":"\u00bfQu\u00e9 es TOD early CRC?"}]},{"@type":"WebSite","@id":"https:\/\/training.goesresearchgroup.com\/es\/#website","url":"https:\/\/training.goesresearchgroup.com\/es\/","name":"The Training in optical diagnosis of early CRC platform","description":"El primer curso de formaci\u00f3n virtual de alta especializaci\u00f3n en endoscopia digestiva","publisher":{"@id":"https:\/\/training.goesresearchgroup.com\/es\/#organization"},"potentialAction":[{"@type":"SearchAction","target":{"@type":"EntryPoint","urlTemplate":"https:\/\/training.goesresearchgroup.com\/es\/?s={search_term_string}"},"query-input":{"@type":"PropertyValueSpecification","valueRequired":true,"valueName":"search_term_string"}}],"inLanguage":"es"},{"@type":"Organization","@id":"https:\/\/training.goesresearchgroup.com\/es\/#organization","name":"Althaia","url":"https:\/\/training.goesresearchgroup.com\/es\/","logo":{"@type":"ImageObject","inLanguage":"es","@id":"https:\/\/training.goesresearchgroup.com\/es\/#\/schema\/logo\/image\/","url":"https:\/\/training.goesresearchgroup.com\/wp-content\/uploads\/sites\/8\/2022\/07\/althaia-logo-seo.jpg","contentUrl":"https:\/\/training.goesresearchgroup.com\/wp-content\/uploads\/sites\/8\/2022\/07\/althaia-logo-seo.jpg","width":527,"height":350,"caption":"Althaia"},"image":{"@id":"https:\/\/training.goesresearchgroup.com\/es\/#\/schema\/logo\/image\/"},"sameAs":["https:\/\/x.com\/goesgroup"]}]}},"uagb_featured_image_src":{"full":false,"thumbnail":false,"medium":false,"medium_large":false,"large":false,"1536x1536":false,"2048x2048":false,"featured":false,"woocommerce_thumbnail":false,"woocommerce_single":false,"woocommerce_gallery_thumbnail":false},"uagb_author_info":{"display_name":"admin_tresipunt","author_link":"https:\/\/training.goesresearchgroup.com\/es\/author\/admin_tresipunt\/"},"uagb_comment_info":0,"uagb_excerpt":"\u00bfQu\u00e9 es TOD early CRC? Training in optical diagnosis of early colorectal cancer&nbsp;(TOD early CRC) es&hellip;","_links":{"self":[{"href":"https:\/\/training.goesresearchgroup.com\/es\/wp-json\/wp\/v2\/pages\/2860","targetHints":{"allow":["GET"]}}],"collection":[{"href":"https:\/\/training.goesresearchgroup.com\/es\/wp-json\/wp\/v2\/pages"}],"about":[{"href":"https:\/\/training.goesresearchgroup.com\/es\/wp-json\/wp\/v2\/types\/page"}],"author":[{"embeddable":true,"href":"https:\/\/training.goesresearchgroup.com\/es\/wp-json\/wp\/v2\/users\/1"}],"replies":[{"embeddable":true,"href":"https:\/\/training.goesresearchgroup.com\/es\/wp-json\/wp\/v2\/comments?post=2860"}],"version-history":[{"count":3,"href":"https:\/\/training.goesresearchgroup.com\/es\/wp-json\/wp\/v2\/pages\/2860\/revisions"}],"predecessor-version":[{"id":4818,"href":"https:\/\/training.goesresearchgroup.com\/es\/wp-json\/wp\/v2\/pages\/2860\/revisions\/4818"}],"wp:attachment":[{"href":"https:\/\/training.goesresearchgroup.com\/es\/wp-json\/wp\/v2\/media?parent=2860"}],"curies":[{"name":"wp","href":"https:\/\/api.w.org\/{rel}","templated":true}]}}